{"id":1084,"date":"2022-02-04T08:01:48","date_gmt":"2022-02-04T08:01:48","guid":{"rendered":"https:\/\/www.henryjeschke.com\/politica-de-proteccion-de-datos\/"},"modified":"2023-07-22T11:43:36","modified_gmt":"2023-07-22T11:43:36","slug":"politica-de-proteccion-de-datos","status":"publish","type":"page","link":"https:\/\/www.henryjeschke.com\/es\/politica-de-proteccion-de-datos\/","title":{"rendered":"Pol\u00edtica de protecci\u00f3n de datos"},"content":{"rendered":"\t\t<div data-elementor-type=\"wp-page\" data-elementor-id=\"1084\" class=\"elementor elementor-1084 elementor-3\">\n\t\t\t\t\t\t<section class=\"elementor-section elementor-top-section elementor-element elementor-element-643516d0 elementor-section-boxed elementor-section-height-default elementor-section-height-default\" data-id=\"643516d0\" data-element_type=\"section\">\n\t\t\t\t\t\t<div class=\"elementor-container elementor-column-gap-default\">\n\t\t\t\t\t<div class=\"elementor-column elementor-col-100 elementor-top-column elementor-element elementor-element-1cb03d6b\" data-id=\"1cb03d6b\" data-element_type=\"column\">\n\t\t\t<div class=\"elementor-widget-wrap elementor-element-populated\">\n\t\t\t\t\t\t<div class=\"elementor-element elementor-element-bbf5c0 elementor-widget elementor-widget-text-editor\" data-id=\"bbf5c0\" data-element_type=\"widget\" data-widget_type=\"text-editor.default\">\n\t\t\t\t<div class=\"elementor-widget-container\">\n\t\t\t<style>\/*! elementor - v3.23.0 - 05-08-2024 *\/\n.elementor-widget-text-editor.elementor-drop-cap-view-stacked .elementor-drop-cap{background-color:#69727d;color:#fff}.elementor-widget-text-editor.elementor-drop-cap-view-framed .elementor-drop-cap{color:#69727d;border:3px solid;background-color:transparent}.elementor-widget-text-editor:not(.elementor-drop-cap-view-default) .elementor-drop-cap{margin-top:8px}.elementor-widget-text-editor:not(.elementor-drop-cap-view-default) .elementor-drop-cap-letter{width:1em;height:1em}.elementor-widget-text-editor .elementor-drop-cap{float:left;text-align:center;line-height:1;font-size:50px}.elementor-widget-text-editor .elementor-drop-cap-letter{display:inline-block}<\/style>\t\t\t\t<p><strong>Pol\u00edtica de protecci\u00f3n de datos<\/strong><\/p><p><strong>Pol\u00edtica de privacidad<\/strong><\/p><p>En esta pol\u00edtica de privacidad le informamos sobre el tratamiento de datos personales al utilizar este sitio web.<\/p><p>Persona responsable<\/p><p>El responsable del tratamiento de datos es<\/p><p>Henry Jeschke<\/p><p>Gran Via Puig del Castellet 1 Local 4<\/p><p>07180 Santa Ponsa<\/p><p><strong>Datos de car\u00e1cter personal<\/strong><\/p><p>Por datos personales se entiende cualquier informaci\u00f3n relativa a una persona f\u00edsica identificada o identificable (en lo sucesivo, el \u00abinteresado\u00bb). Una persona f\u00edsica identificable es aquella que puede ser identificada, directa o indirectamente, en particular por referencia a un identificador como un nombre, un n\u00famero de identificaci\u00f3n, datos de localizaci\u00f3n, un identificador en l\u00ednea o a uno o m\u00e1s factores espec\u00edficos de la identidad f\u00edsica, fisiol\u00f3gica, gen\u00e9tica, mental, econ\u00f3mica, cultural o social de dicha persona f\u00edsica.<\/p><p><strong>Datos cuando visita el sitio web<\/strong><\/p><p>Si s\u00f3lo utiliza este sitio web para obtener informaci\u00f3n y no facilita ning\u00fan dato, s\u00f3lo trataremos los datos necesarios para mostrar el sitio web en el dispositivo con conexi\u00f3n a Internet que est\u00e9 utilizando. Estos datos son, en particular<\/p><p>Direcci\u00f3n IP<br \/>fecha y hora de la solicitud<br \/>la cantidad de datos transferidos en cada caso<br \/>el sitio web del que procede la solicitud<br \/>tipo y versi\u00f3n del navegador<br \/>sistema operativo<\/p><p>La base jur\u00eddica para el tratamiento de estos datos son los intereses leg\u00edtimos de conformidad con el art. 6 (1) UAbs. 1 letra f) DSGVO, con el fin de permitir en general la presentaci\u00f3n del sitio web.<\/p><p>Adem\u00e1s, puede utilizar diversos servicios del sitio web en los que se procesan otros datos personales y no personales.<\/p><p><strong>Sus derechos<\/strong><\/p><p>Como interesado, tiene los siguientes derechos:<\/p><p>Tiene derecho a acceder a los datos personales que le conciernen y que procesa el responsable del tratamiento (Art. 15 GDPR),<br \/>Tiene derecho a rectificar los datos que le conciernen si se almacenan de forma incorrecta o incompleta (Art. 16 DSGVO),<br \/>Tiene derecho a la supresi\u00f3n (art. 17 del DSGVO),<br \/>Tiene derecho a solicitar la limitaci\u00f3n del tratamiento de sus datos personales (art. 18 DSGVO),<br \/>Tiene derecho a la portabilidad de los datos (art. 20 del DSGVO),<br \/>Tiene derecho a oponerse al tratamiento de los datos personales que le conciernen (Art. 21 GDPR),<br \/>Tiene derecho a no ser objeto de una decisi\u00f3n basada \u00fanicamente en el tratamiento automatizado, incluida la elaboraci\u00f3n de perfiles, que produzca efectos jur\u00eddicos en usted o le afecte de forma similar (Art. 22 GDPR),<br \/>Tiene derecho a presentar una reclamaci\u00f3n ante la autoridad de control competente en caso de sospecha de infracci\u00f3n de la ley de protecci\u00f3n de datos (art. 77 DSGVO). La autoridad de control competente es la de su lugar de residencia habitual, lugar de trabajo o lugar de la presunta infracci\u00f3n.<\/p><p><strong>Uso de cookies<\/strong><\/p><p>Es posible que se almacenen cookies en su dispositivo cuando visite el sitio web. Las cookies son peque\u00f1os archivos de texto que almacena el navegador que est\u00e1 utilizando. Las cookies no pueden ejecutar programas ni transmitir virus a su dispositivo. Sin embargo, el organismo que instala la cookie puede obtener cierta informaci\u00f3n de ella. Las cookies se utilizan para facilitar el uso del sitio web. Las cookies pueden utilizarse, por ejemplo, para reconocer el dispositivo que se utiliz\u00f3 para acceder a este sitio web cuando se vuelve a acceder a \u00e9l.<\/p><p>La configuraci\u00f3n del navegador puede utilizarse para restringir o impedir la instalaci\u00f3n de cookies. Por ejemplo, se puede bloquear s\u00f3lo la aceptaci\u00f3n de cookies de terceros proveedores, o se puede bloquear la aceptaci\u00f3n de todas las cookies. Sin embargo, al bloquear las cookies, es posible que ya no pueda utilizar todas las funciones de este sitio web. En el resto de esta pol\u00edtica de privacidad, le informaremos espec\u00edficamente d\u00f3nde y con qu\u00e9 fines se utilizan las cookies en las p\u00e1ginas.<\/p><p><strong>Pol\u00edtica de privacidad de Google Analytics<\/strong><\/p><p>Esta p\u00e1gina web utiliza Google Analytics, un servicio anal\u00edtico de web prestado por Google Inc, 1600 Amphitheatre Parkway, Mountain View, CA 94043, EE.UU.. Para ello, Google instala cookies en el dispositivo. \u00c9stas permiten analizar el uso del sitio web. La informaci\u00f3n recopilada en el proceso se transmite generalmente a un servidor de Google en los EE.UU. y se registra all\u00ed &#8211; incluyendo la direcci\u00f3n IP. Google Analytics est\u00e1 configurado de tal forma que las direcciones IP s\u00f3lo se almacenan de forma an\u00f3nima. Debido a esta configuraci\u00f3n, Google trunca las direcciones IP recopiladas dentro de los Estados miembros de la Uni\u00f3n Europea o en otros Estados contratantes del Acuerdo sobre el Espacio Econ\u00f3mico Europeo antes de almacenarlas. Google utiliza la informaci\u00f3n recopilada para evaluar el uso de los sitios web y crear los informes correspondientes. Google Analytics est\u00e1 configurado para eliminar los datos en un plazo de 14 meses a partir de su aparici\u00f3n.<\/p><p>Los datos se procesan sobre la base del Art. 6 p\u00e1rrafo 1 UAbs. 1 letra f) DSGVO con el inter\u00e9s leg\u00edtimo de mejorar la oferta de este sitio web.<\/p><p>La instalaci\u00f3n de la cookie Analytics puede impedirse configurando el navegador para que rechace todas las cookies. Sin embargo, esto puede afectar a la usabilidad de este sitio web. Tambi\u00e9n puede evitar que Google recopile datos instalando el siguiente complemento del navegador: https:\/\/tools.google.com\/dlpage\/gaoptout?hl=de. Tambi\u00e9n puede evitar la recopilaci\u00f3n de datos por parte de Google Analytics haciendo clic en el siguiente enlace. Esto establece una cookie de inhabilitaci\u00f3n correspondiente: Desactivar la recopilaci\u00f3n de datos por parte de Google Analytics para este sitio web.<\/p><p>Encontrar\u00e1 m\u00e1s informaci\u00f3n sobre la protecci\u00f3n de datos de Google en: https:\/\/www.google.com\/intl\/es\/analytics\/privacyoverview.html.<\/p><p><strong>Pol\u00edtica de privacidad de Facebook<\/strong><\/p><p>Este sitio web utiliza funciones de redes sociales de Facebook Inc, 1601 S. California Ave, Palo Alto, CA 94304, EE.UU.. Puede compartir contenidos en la red social Facebook a trav\u00e9s de los botones \u00abMe gusta\u00bb de Facebook incrustados en ella. La base jur\u00eddica para el tratamiento de los datos es el art. 6 p\u00e1rr. 1 UAbs. 1 letra f) DSGVO el inter\u00e9s leg\u00edtimo en la optimizaci\u00f3n de la oferta de la p\u00e1gina web. Cuando se accede a una p\u00e1gina con un bot\u00f3n \u00abMe gusta\u00bb de Facebook integrado, se establece una conexi\u00f3n entre el navegador utilizado y los servidores de Facebook. Para evitar esta conexi\u00f3n inmediata, este sitio web utiliza una soluci\u00f3n en la que esta transmisi\u00f3n s\u00f3lo tiene lugar cuando se hace clic en el bot\u00f3n Me gusta de Facebook. Los datos s\u00f3lo se transmiten a Facebook cuando se hace clic por segunda vez en el bot\u00f3n \u00abMe gusta\u00bb de Facebook. Si tiene una cuenta de Facebook, estos datos pueden vincularse a ella. Si no desea que estos datos se vinculen a su cuenta de Facebook, cierre la sesi\u00f3n de Facebook antes de visitar nuestro sitio y elimine las cookies de su navegador. Facebook se ha sometido al acuerdo de protecci\u00f3n de datos \u00abPrivacy Shield\u00bb entre EE.UU. y la UE. Puede obtener m\u00e1s informaci\u00f3n sobre la protecci\u00f3n de datos de Facebook en https:\/\/es-es.facebook.com\/privacy\/explanation.<\/p>\t\t\t\t\t\t<\/div>\n\t\t\t\t<\/div>\n\t\t\t\t\t<\/div>\n\t\t<\/div>\n\t\t\t\t\t<\/div>\n\t\t<\/section>\n\t\t\t\t<\/div>\n\t\t","protected":false},"excerpt":{"rendered":"<p>Pol\u00edtica de protecci\u00f3n de datos Pol\u00edtica de privacidad En esta pol\u00edtica de privacidad le informamos sobre el tratamiento de datos personales al utilizar este sitio web. Persona responsable El responsable del tratamiento de datos es Henry Jeschke Gran Via Puig del Castellet 1 Local 4 07180 Santa Ponsa Datos de car\u00e1cter personal Por datos personales [&hellip;]<\/p>\n","protected":false},"author":1,"featured_media":0,"parent":0,"menu_order":0,"comment_status":"closed","ping_status":"open","template":"","meta":{"ocean_post_layout":"full-width","ocean_both_sidebars_style":"","ocean_both_sidebars_content_width":0,"ocean_both_sidebars_sidebars_width":0,"ocean_sidebar":"0","ocean_second_sidebar":"0","ocean_disable_margins":"enable","ocean_add_body_class":"","ocean_shortcode_before_top_bar":"","ocean_shortcode_after_top_bar":"","ocean_shortcode_before_header":"","ocean_shortcode_after_header":"","ocean_has_shortcode":"","ocean_shortcode_after_title":"","ocean_shortcode_before_footer_widgets":"","ocean_shortcode_after_footer_widgets":"","ocean_shortcode_before_footer_bottom":"","ocean_shortcode_after_footer_bottom":"","ocean_display_top_bar":"default","ocean_display_header":"default","ocean_header_style":"","ocean_center_header_left_menu":"0","ocean_custom_header_template":"0","ocean_custom_logo":0,"ocean_custom_retina_logo":0,"ocean_custom_logo_max_width":0,"ocean_custom_logo_tablet_max_width":0,"ocean_custom_logo_mobile_max_width":0,"ocean_custom_logo_max_height":0,"ocean_custom_logo_tablet_max_height":0,"ocean_custom_logo_mobile_max_height":0,"ocean_header_custom_menu":"0","ocean_menu_typo_font_family":"0","ocean_menu_typo_font_subset":"","ocean_menu_typo_font_size":0,"ocean_menu_typo_font_size_tablet":0,"ocean_menu_typo_font_size_mobile":0,"ocean_menu_typo_font_size_unit":"px","ocean_menu_typo_font_weight":"","ocean_menu_typo_font_weight_tablet":"","ocean_menu_typo_font_weight_mobile":"","ocean_menu_typo_transform":"","ocean_menu_typo_transform_tablet":"","ocean_menu_typo_transform_mobile":"","ocean_menu_typo_line_height":0,"ocean_menu_typo_line_height_tablet":0,"ocean_menu_typo_line_height_mobile":0,"ocean_menu_typo_line_height_unit":"","ocean_menu_typo_spacing":0,"ocean_menu_typo_spacing_tablet":0,"ocean_menu_typo_spacing_mobile":0,"ocean_menu_typo_spacing_unit":"","ocean_menu_link_color":"","ocean_menu_link_color_hover":"","ocean_menu_link_color_active":"","ocean_menu_link_background":"","ocean_menu_link_hover_background":"","ocean_menu_link_active_background":"","ocean_menu_social_links_bg":"","ocean_menu_social_hover_links_bg":"","ocean_menu_social_links_color":"","ocean_menu_social_hover_links_color":"","ocean_disable_title":"default","ocean_disable_heading":"default","ocean_post_title":"","ocean_post_subheading":"","ocean_post_title_style":"","ocean_post_title_background_color":"","ocean_post_title_background":0,"ocean_post_title_bg_image_position":"","ocean_post_title_bg_image_attachment":"","ocean_post_title_bg_image_repeat":"","ocean_post_title_bg_image_size":"","ocean_post_title_height":0,"ocean_post_title_bg_overlay":0.5,"ocean_post_title_bg_overlay_color":"","ocean_disable_breadcrumbs":"default","ocean_breadcrumbs_color":"","ocean_breadcrumbs_separator_color":"","ocean_breadcrumbs_links_color":"","ocean_breadcrumbs_links_hover_color":"","ocean_display_footer_widgets":"default","ocean_display_footer_bottom":"default","ocean_custom_footer_template":"0","footnotes":""},"class_list":["post-1084","page","type-page","status-publish","hentry","entry"],"yoast_head":"<!-- This site is optimized with the Yoast SEO plugin v27.3 - https:\/\/yoast.com\/product\/yoast-seo-wordpress\/ -->\n<title>Pol\u00edtica de protecci\u00f3n de datos - EMS-Mallorca Henry Jeschke<\/title>\n<meta name=\"robots\" content=\"index, follow, max-snippet:-1, max-image-preview:large, max-video-preview:-1\" \/>\n<link rel=\"canonical\" href=\"https:\/\/www.henryjeschke.com\/es\/politica-de-proteccion-de-datos\/\" \/>\n<meta property=\"og:locale\" content=\"es_ES\" \/>\n<meta property=\"og:type\" content=\"article\" \/>\n<meta property=\"og:title\" content=\"Pol\u00edtica de protecci\u00f3n de datos - EMS-Mallorca Henry Jeschke\" \/>\n<meta property=\"og:description\" content=\"Pol\u00edtica de protecci\u00f3n de datos Pol\u00edtica de privacidad En esta pol\u00edtica de privacidad le informamos sobre el tratamiento de datos personales al utilizar este sitio web. Persona responsable El responsable del tratamiento de datos es Henry Jeschke Gran Via Puig del Castellet 1 Local 4 07180 Santa Ponsa Datos de car\u00e1cter personal Por datos personales [&hellip;]\" \/>\n<meta property=\"og:url\" content=\"https:\/\/www.henryjeschke.com\/es\/politica-de-proteccion-de-datos\/\" \/>\n<meta property=\"og:site_name\" content=\"EMS-Mallorca Henry Jeschke\" \/>\n<meta property=\"article:publisher\" content=\"https:\/\/www.facebook.com\/profile.php?id=100063607841901\" \/>\n<meta property=\"article:modified_time\" content=\"2023-07-22T11:43:36+00:00\" \/>\n<meta name=\"twitter:card\" content=\"summary_large_image\" \/>\n<meta name=\"twitter:label1\" content=\"Tiempo de lectura\" \/>\n\t<meta name=\"twitter:data1\" content=\"6 minutos\" \/>\n<script type=\"application\/ld+json\" class=\"yoast-schema-graph\">{\"@context\":\"https:\\\/\\\/schema.org\",\"@graph\":[{\"@type\":\"WebPage\",\"@id\":\"https:\\\/\\\/www.henryjeschke.com\\\/es\\\/politica-de-proteccion-de-datos\\\/\",\"url\":\"https:\\\/\\\/www.henryjeschke.com\\\/es\\\/politica-de-proteccion-de-datos\\\/\",\"name\":\"Pol\u00edtica de protecci\u00f3n de datos - EMS-Mallorca Henry Jeschke\",\"isPartOf\":{\"@id\":\"https:\\\/\\\/www.henryjeschke.com\\\/#website\"},\"datePublished\":\"2022-02-04T08:01:48+00:00\",\"dateModified\":\"2023-07-22T11:43:36+00:00\",\"breadcrumb\":{\"@id\":\"https:\\\/\\\/www.henryjeschke.com\\\/es\\\/politica-de-proteccion-de-datos\\\/#breadcrumb\"},\"inLanguage\":\"es\",\"potentialAction\":[{\"@type\":\"ReadAction\",\"target\":[\"https:\\\/\\\/www.henryjeschke.com\\\/es\\\/politica-de-proteccion-de-datos\\\/\"]}]},{\"@type\":\"BreadcrumbList\",\"@id\":\"https:\\\/\\\/www.henryjeschke.com\\\/es\\\/politica-de-proteccion-de-datos\\\/#breadcrumb\",\"itemListElement\":[{\"@type\":\"ListItem\",\"position\":1,\"name\":\"Startseite\",\"item\":\"https:\\\/\\\/www.henryjeschke.com\\\/es\\\/ems-training-sportmassage-personaltrainer-ernaehrung\\\/\"},{\"@type\":\"ListItem\",\"position\":2,\"name\":\"Pol\u00edtica de protecci\u00f3n de datos\"}]},{\"@type\":\"WebSite\",\"@id\":\"https:\\\/\\\/www.henryjeschke.com\\\/#website\",\"url\":\"https:\\\/\\\/www.henryjeschke.com\\\/\",\"name\":\"EMS-Mallorca Henry Jeschke\",\"description\":\"EMS Training Mallorca und Massage\",\"publisher\":{\"@id\":\"https:\\\/\\\/www.henryjeschke.com\\\/#organization\"},\"potentialAction\":[{\"@type\":\"SearchAction\",\"target\":{\"@type\":\"EntryPoint\",\"urlTemplate\":\"https:\\\/\\\/www.henryjeschke.com\\\/?s={search_term_string}\"},\"query-input\":{\"@type\":\"PropertyValueSpecification\",\"valueRequired\":true,\"valueName\":\"search_term_string\"}}],\"inLanguage\":\"es\"},{\"@type\":\"Organization\",\"@id\":\"https:\\\/\\\/www.henryjeschke.com\\\/#organization\",\"name\":\"EMS - Massage Mallorca Henry Jeschke\",\"url\":\"https:\\\/\\\/www.henryjeschke.com\\\/\",\"logo\":{\"@type\":\"ImageObject\",\"inLanguage\":\"es\",\"@id\":\"https:\\\/\\\/www.henryjeschke.com\\\/#\\\/schema\\\/logo\\\/image\\\/\",\"url\":\"https:\\\/\\\/www.henryjeschke.com\\\/wp-content\\\/uploads\\\/2022\\\/07\\\/cropped-logo_final.jpg\",\"contentUrl\":\"https:\\\/\\\/www.henryjeschke.com\\\/wp-content\\\/uploads\\\/2022\\\/07\\\/cropped-logo_final.jpg\",\"width\":633,\"height\":383,\"caption\":\"EMS - Massage Mallorca Henry Jeschke\"},\"image\":{\"@id\":\"https:\\\/\\\/www.henryjeschke.com\\\/#\\\/schema\\\/logo\\\/image\\\/\"},\"sameAs\":[\"https:\\\/\\\/www.facebook.com\\\/profile.php?id=100063607841901\",\"https:\\\/\\\/www.instagram.com\\\/henryjeschke2022\\\/?hl=de\"]}]}<\/script>\n<!-- \/ Yoast SEO plugin. -->","yoast_head_json":{"title":"Pol\u00edtica de protecci\u00f3n de datos - EMS-Mallorca Henry Jeschke","robots":{"index":"index","follow":"follow","max-snippet":"max-snippet:-1","max-image-preview":"max-image-preview:large","max-video-preview":"max-video-preview:-1"},"canonical":"https:\/\/www.henryjeschke.com\/es\/politica-de-proteccion-de-datos\/","og_locale":"es_ES","og_type":"article","og_title":"Pol\u00edtica de protecci\u00f3n de datos - EMS-Mallorca Henry Jeschke","og_description":"Pol\u00edtica de protecci\u00f3n de datos Pol\u00edtica de privacidad En esta pol\u00edtica de privacidad le informamos sobre el tratamiento de datos personales al utilizar este sitio web. Persona responsable El responsable del tratamiento de datos es Henry Jeschke Gran Via Puig del Castellet 1 Local 4 07180 Santa Ponsa Datos de car\u00e1cter personal Por datos personales [&hellip;]","og_url":"https:\/\/www.henryjeschke.com\/es\/politica-de-proteccion-de-datos\/","og_site_name":"EMS-Mallorca Henry Jeschke","article_publisher":"https:\/\/www.facebook.com\/profile.php?id=100063607841901","article_modified_time":"2023-07-22T11:43:36+00:00","twitter_card":"summary_large_image","twitter_misc":{"Tiempo de lectura":"6 minutos"},"schema":{"@context":"https:\/\/schema.org","@graph":[{"@type":"WebPage","@id":"https:\/\/www.henryjeschke.com\/es\/politica-de-proteccion-de-datos\/","url":"https:\/\/www.henryjeschke.com\/es\/politica-de-proteccion-de-datos\/","name":"Pol\u00edtica de protecci\u00f3n de datos - EMS-Mallorca Henry Jeschke","isPartOf":{"@id":"https:\/\/www.henryjeschke.com\/#website"},"datePublished":"2022-02-04T08:01:48+00:00","dateModified":"2023-07-22T11:43:36+00:00","breadcrumb":{"@id":"https:\/\/www.henryjeschke.com\/es\/politica-de-proteccion-de-datos\/#breadcrumb"},"inLanguage":"es","potentialAction":[{"@type":"ReadAction","target":["https:\/\/www.henryjeschke.com\/es\/politica-de-proteccion-de-datos\/"]}]},{"@type":"BreadcrumbList","@id":"https:\/\/www.henryjeschke.com\/es\/politica-de-proteccion-de-datos\/#breadcrumb","itemListElement":[{"@type":"ListItem","position":1,"name":"Startseite","item":"https:\/\/www.henryjeschke.com\/es\/ems-training-sportmassage-personaltrainer-ernaehrung\/"},{"@type":"ListItem","position":2,"name":"Pol\u00edtica de protecci\u00f3n de datos"}]},{"@type":"WebSite","@id":"https:\/\/www.henryjeschke.com\/#website","url":"https:\/\/www.henryjeschke.com\/","name":"EMS-Mallorca Henry Jeschke","description":"EMS Training Mallorca und Massage","publisher":{"@id":"https:\/\/www.henryjeschke.com\/#organization"},"potentialAction":[{"@type":"SearchAction","target":{"@type":"EntryPoint","urlTemplate":"https:\/\/www.henryjeschke.com\/?s={search_term_string}"},"query-input":{"@type":"PropertyValueSpecification","valueRequired":true,"valueName":"search_term_string"}}],"inLanguage":"es"},{"@type":"Organization","@id":"https:\/\/www.henryjeschke.com\/#organization","name":"EMS - Massage Mallorca Henry Jeschke","url":"https:\/\/www.henryjeschke.com\/","logo":{"@type":"ImageObject","inLanguage":"es","@id":"https:\/\/www.henryjeschke.com\/#\/schema\/logo\/image\/","url":"https:\/\/www.henryjeschke.com\/wp-content\/uploads\/2022\/07\/cropped-logo_final.jpg","contentUrl":"https:\/\/www.henryjeschke.com\/wp-content\/uploads\/2022\/07\/cropped-logo_final.jpg","width":633,"height":383,"caption":"EMS - Massage Mallorca Henry Jeschke"},"image":{"@id":"https:\/\/www.henryjeschke.com\/#\/schema\/logo\/image\/"},"sameAs":["https:\/\/www.facebook.com\/profile.php?id=100063607841901","https:\/\/www.instagram.com\/henryjeschke2022\/?hl=de"]}]}},"jetpack_sharing_enabled":true,"_links":{"self":[{"href":"https:\/\/www.henryjeschke.com\/es\/wp-json\/wp\/v2\/pages\/1084","targetHints":{"allow":["GET"]}}],"collection":[{"href":"https:\/\/www.henryjeschke.com\/es\/wp-json\/wp\/v2\/pages"}],"about":[{"href":"https:\/\/www.henryjeschke.com\/es\/wp-json\/wp\/v2\/types\/page"}],"author":[{"embeddable":true,"href":"https:\/\/www.henryjeschke.com\/es\/wp-json\/wp\/v2\/users\/1"}],"replies":[{"embeddable":true,"href":"https:\/\/www.henryjeschke.com\/es\/wp-json\/wp\/v2\/comments?post=1084"}],"version-history":[{"count":0,"href":"https:\/\/www.henryjeschke.com\/es\/wp-json\/wp\/v2\/pages\/1084\/revisions"}],"wp:attachment":[{"href":"https:\/\/www.henryjeschke.com\/es\/wp-json\/wp\/v2\/media?parent=1084"}],"curies":[{"name":"wp","href":"https:\/\/api.w.org\/{rel}","templated":true}]}}